{"id":127,"date":"2014-12-17T12:21:21","date_gmt":"2014-12-17T12:21:21","guid":{"rendered":"http:\/\/lunahuanariverresort.com\/home\/"},"modified":"2022-08-07T18:29:15","modified_gmt":"2022-08-07T18:29:15","slug":"home","status":"publish","type":"page","link":"https:\/\/lunahuanariverresort.com\/","title":{"rendered":"Home"},"content":{"rendered":"<section class=\"section  text-normal section-text-shadow section-inner-no-shadow section-fullheight section-opaque\" >\n            <div class=\"background-media\" style=\"background-image: url(&#039;https:\/\/lunahuanariverresort.com\/wp-content\/uploads\/2021\/12\/foto-portada-web.png&#039;); background-repeat:no-repeat; background-size:cover; background-attachment:fixed; background-position: 50% 0%;\" >\n                    <\/div>\n    \n    <div class=\"background-overlay grid-overlay-0 \" style=\"background-color: rgba(0,0,0,0.1);\"><\/div>\n\n    <div class=\"container container-vertical-default\">\n        <div class=\"row vertical-default\">\n            <div class=\"col-md-12     text-center small-screen-default\"  ><div class=\"divider-wrapper \" style=\"visibility:hidden;background-color:#FFFFF\">\n    <div class=\"visible-xs\" style=\"height:25px;\"><\/div>\n    <div class=\"visible-sm\" style=\"height:50px;\"><\/div>\n    <div class=\"visible-md\" style=\"height:100px;\"><\/div>\n    <div class=\"visible-lg\" style=\"height:100px;\"><\/div>\n<\/div><div class=\"divider-wrapper \" style=\"visibility:hidden;background-color:#FFFFF\">\n    <div class=\"visible-xs\" style=\"height:25px;\"><\/div>\n    <div class=\"visible-sm\" style=\"height:50px;\"><\/div>\n    <div class=\"visible-md\" style=\"height:100px;\"><\/div>\n    <div class=\"visible-lg\" style=\"height:100px;\"><\/div>\n<\/div><div class=\"divider-wrapper \" style=\"visibility:hidden;background-color:#FFFFF\">\n    <div class=\"visible-xs\" style=\"height:24px;\"><\/div>\n    <div class=\"visible-sm\" style=\"height:24px;\"><\/div>\n    <div class=\"visible-md\" style=\"height:24px;\"><\/div>\n    <div class=\"visible-lg\" style=\"height:24px;\"><\/div>\n<\/div><div class=\"divider-wrapper \" style=\"visibility:hidden;background-color:#FFFFF\">\n    <div class=\"visible-xs\" style=\"height:50px;\"><\/div>\n    <div class=\"visible-sm\" style=\"height:100px;\"><\/div>\n    <div class=\"visible-md\" style=\"height:100px;\"><\/div>\n    <div class=\"visible-lg\" style=\"height:100px;\"><\/div>\n<\/div><\/div>        <\/div>\n    <\/div>\n<\/section><section class=\"section  text-normal section-text-shadow section-inner-no-shadow section-normal section-opaque\" >\n            <div class=\"background-media\" style=\"background-image: url(&#039;https:\/\/lunahuanariverresort.com\/wp-content\/uploads\/2021\/12\/foto-portada-web.png&#039;); background-repeat:no-repeat; background-size:cover; background-attachment:fixed; background-position: 50% 0%;\" >\n                    <\/div>\n    \n    <div class=\"background-overlay grid-overlay-0 \" style=\"background-color: rgba(0,0,0,0.5);\"><\/div>\n\n    <div class=\"container container-vertical-default\">\n        <div class=\"row vertical-default\">\n            <div class=\"col-md-12     text-center small-screen-default\"  ><div class=\"divider-wrapper \" style=\"visibility:hidden;background-color:#FFFFF\">\n    <div class=\"visible-xs\" style=\"height:24px;\"><\/div>\n    <div class=\"visible-sm\" style=\"height:24px;\"><\/div>\n    <div class=\"visible-md\" style=\"height:24px;\"><\/div>\n    <div class=\"visible-lg\" style=\"height:24px;\"><\/div>\n<\/div><h1 class=\"text-center  element-top-0 element-bottom-0 text-light super bold\" data-os-animation=\"none\" data-os-animation-delay=\"0.1s\" data-start=\"opacity:1\" data-center=\"opacity:1\" data-0-top-bottom=\"opacity:0\">\n    Vive una experiencia tur\u00edstica diferente<\/h1><h1 class=\"text-center  element-top-20 element-bottom-20 text-light bigger bold\" data-os-animation=\"none\" data-os-animation-delay=\"0.2s\" data-start=\"opacity:1\" data-center=\"opacity:1\" data-0-top-bottom=\"opacity:0\">\n    \u00danico Hotel 5 Estrellas en Lunahuan\u00e1<\/h1><div class=\"divider-wrapper \" style=\"visibility:hidden;background-color:#FFFFF\">\n    <div class=\"visible-xs\" style=\"height:24px;\"><\/div>\n    <div class=\"visible-sm\" style=\"height:24px;\"><\/div>\n    <div class=\"visible-md\" style=\"height:24px;\"><\/div>\n    <div class=\"visible-lg\" style=\"height:24px;\"><\/div>\n<\/div><a href=\"https:\/\/lunahuanariverresort.com\/?page_id=125\" class=\"btn btn-link btn-lg  text-light  btn-header scroll-to-id element-left-0 element-right-0 element-top-20 element-bottom-0 os-animation\" target=\"_self\"   data-os-animation=\"fadeIn\" data-os-animation-delay=\"0.3s\" style=\"background:#df0d47 \">\n\t    Nuestras Habitaciones     <\/a><div class=\"divider-wrapper \" style=\"visibility:hidden;background-color:#FFFFF\">\n    <div class=\"visible-xs\" style=\"height:24px;\"><\/div>\n    <div class=\"visible-sm\" style=\"height:30px;\"><\/div>\n    <div class=\"visible-md\" style=\"height:35px;\"><\/div>\n    <div class=\"visible-lg\" style=\"height:40px;\"><\/div>\n<\/div><\/div>        <\/div>\n    <\/div>\n<\/section><section class=\"section  text-normal section-text-no-shadow section-inner-no-shadow section-normal section-opaque\" >\n            <div class=\"background-media\" style=\"background-image: url(&#039;https:\/\/lunahuanariverresort.com\/wp-content\/uploads\/2021\/12\/Junior-Suite-portada.jpg&#039;); background-repeat:no-repeat; background-size:cover; background-attachment:fixed; background-position: 50% 0%;\" data-start=\"background-position: 50% 0px\" data-0-top-bottom=\"background-position: 50% -80px\">\n                    <\/div>\n    \n    <div class=\"background-overlay grid-overlay-0 \" style=\"background-color: rgba(86,154,167,0);\"><\/div>\n\n    <div class=\"container-fullwidth container-vertical-middle\">\n        <div class=\"row vertical-middle\">\n            <div class=\"col-md-6     text-default small-screen-default\"  ><div class=\"row \"><div class=\"col-md-2     text-default small-screen-default\"  ><\/div><div class=\"col-md-8     text-center small-screen-default\"  style=\"background:#ffffff;\"><div class=\"divider-wrapper \" style=\"visibility:hidden;background-color:#FFFFF\">\n    <div class=\"visible-xs\" style=\"height:40px;\"><\/div>\n    <div class=\"visible-sm\" style=\"height:40px;\"><\/div>\n    <div class=\"visible-md\" style=\"height:40px;\"><\/div>\n    <div class=\"visible-lg\" style=\"height:40px;\"><\/div>\n<\/div><h2 class=\"text-default  element-top-100 element-bottom-0 text-normal os-animation big regular\" data-os-animation=\"fadeIn\" data-os-animation-delay=\"0.1s\" >\n    Las Habitaciones<\/h2><div class=\"col-text-1 text-normal  element-top-20 element-bottom-20 os-animation\" data-os-animation=\"fadeIn\" data-os-animation-delay=\"0.3s\">\n    <p>Hotel Lunahuana River Resort cuenta con 46 c\u00f3modas habitaciones entre Matrimoniales, Dobles,Triples y Junior Suite con Jacuzzi. Todas totalmente equipadas con\u00a0<span class=\"gmail_default\">Smart\u00a0<\/span>TV Cable, Frigobar, caja de seguridad y\u00a0aire\u00a0acondicionado.<\/p>\n<\/div>\n<a href=\"https:\/\/lunahuanariverresort.com\/?page_id=125\" class=\"btn btn-primary   text-normal   element-left-0 element-right-0 element-top-20 element-bottom-100 os-animation\" target=\"_self\"   data-os-animation=\"fadeIn\" data-os-animation-delay=\"0.4s\">\n\t    Conoce nuestras habitaciones     <\/a><\/div><div class=\"col-md-2     text-default small-screen-default\"  ><\/div><\/div><\/div><div class=\"col-md-6     text-center small-screen-default\"  ><\/div>        <\/div>\n    <\/div>\n<\/section><section class=\"section  text-normal section-text-no-shadow section-inner-no-shadow section-normal section-opaque\" >\n            <div class=\"background-media\" style=\"background-image: url(&#039;https:\/\/lunahuanariverresort.com\/wp-content\/uploads\/2021\/12\/piscina-portada.jpg&#039;); background-repeat:no-repeat; background-size:cover; background-attachment:fixed; background-position: 50% 0%;\" data-start=\"background-position: 50% 0px\" data-0-top-bottom=\"background-position: 50% -80px\">\n                    <\/div>\n    \n    <div class=\"background-overlay grid-overlay-0 \" style=\"background-color: rgba(86,154,167,0);\"><\/div>\n\n    <div class=\"container-fullwidth container-vertical-middle\">\n        <div class=\"row vertical-middle\">\n            <div class=\"col-md-6     text-default small-screen-default\"  ><\/div><div class=\"col-md-6     text-center small-screen-default\"  ><div class=\"row \"><div class=\"col-md-2     text-default small-screen-default\"  ><\/div><div class=\"col-md-8     text-center small-screen-default\"  style=\"background:#ffffff;\"><div class=\"divider-wrapper \" style=\"visibility:hidden;background-color:#FFFFFF\">\n    <div class=\"visible-xs\" style=\"height:24px;\"><\/div>\n    <div class=\"visible-sm\" style=\"height:24px;\"><\/div>\n    <div class=\"visible-md\" style=\"height:24px;\"><\/div>\n    <div class=\"visible-lg\" style=\"height:24px;\"><\/div>\n<\/div><h2 class=\"text-default  element-top-100 element-bottom-0 text-normal os-animation big regular\" data-os-animation=\"fadeIn\" data-os-animation-delay=\"0.1s\" >\n    Servicios<\/h2><div class=\"col-text-1 text-normal  element-top-20 element-bottom-20 os-animation\" data-os-animation=\"fadeIn\" data-os-animation-delay=\"0.3s\">\n    <p>El Hotel <strong>Lunahuana River Resort<\/strong> cuenta con una amplia piscina temperada, gracias a un moderno sistema que mantiene la piscina a una temperatura ideal para que puedas pasar un momento agradable junto a tu familia o amistades.<\/p>\n<p>Adem\u00e1s, cumple con todos los est\u00e1dares de calidad para brindarte un entretenimiento seguro, disfrutando del tobog\u00e1n y todas las comodidades que te brinda <strong>Lunahuana River Resort<\/strong>.<\/p>\n<\/div>\n<a href=\"https:\/\/lunahuanariverresort.com\/?page_id=228\" class=\"btn btn-primary   text-normal   element-left-0 element-right-0 element-top-20 element-bottom-100 os-animation\" target=\"_self\"   data-os-animation=\"fadeIn\" data-os-animation-delay=\"0.4s\">\n\t    Conoce nuestros servicios     <\/a><div class=\"divider-wrapper \" style=\"visibility:hidden;background-color:#FFFFF\">\n    <div class=\"visible-xs\" style=\"height:40px;\"><\/div>\n    <div class=\"visible-sm\" style=\"height:40px;\"><\/div>\n    <div class=\"visible-md\" style=\"height:40px;\"><\/div>\n    <div class=\"visible-lg\" style=\"height:40px;\"><\/div>\n<\/div><\/div><div class=\"col-md-2     text-default small-screen-default\"  ><\/div><\/div><\/div>        <\/div>\n    <\/div>\n<\/section><section class=\"section  text-normal section-text-no-shadow section-inner-no-shadow section-normal section-opaque\" >\n            <div class=\"background-media\" style=\"background-image: url(&#039;https:\/\/lunahuanariverresort.com\/wp-content\/uploads\/2022\/01\/portada-promociones.jpg&#039;); background-repeat:no-repeat; background-size:cover; background-attachment:fixed; background-position: 50% 0%;\" data-start=\"background-position: 50% 0px\" data-0-top-bottom=\"background-position: 50% -80px\">\n                    <\/div>\n    \n    <div class=\"background-overlay grid-overlay-0 \" style=\"background-color: rgba(86,154,167,0);\"><\/div>\n\n    <div class=\"container-fullwidth container-vertical-middle\">\n        <div class=\"row vertical-middle\">\n            <div class=\"col-md-6     text-default small-screen-default\"  ><div class=\"row \"><div class=\"col-md-2     text-default small-screen-default\"  ><\/div><div class=\"col-md-8     text-center small-screen-default\"  style=\"background:#ffffff;\"><div class=\"divider-wrapper \" style=\"visibility:hidden;background-color:#FFFFF\">\n    <div class=\"visible-xs\" style=\"height:40px;\"><\/div>\n    <div class=\"visible-sm\" style=\"height:40px;\"><\/div>\n    <div class=\"visible-md\" style=\"height:40px;\"><\/div>\n    <div class=\"visible-lg\" style=\"height:40px;\"><\/div>\n<\/div><h2 class=\"text-default  element-top-100 element-bottom-0 text-normal os-animation big regular\" data-os-animation=\"fadeIn\" data-os-animation-delay=\"0.1s\" >\n    Promociones<\/h2><div class=\"col-text-1 text-normal  element-top-20 element-bottom-20 os-animation\" data-os-animation=\"fadeIn\" data-os-animation-delay=\"0.3s\">\n    <p>No te pierdas nuestras promociones.<\/p>\n<\/div>\n<a href=\"https:\/\/lunahuanariverresort.com\/?page_id=895\" class=\"btn btn-primary   text-normal   element-left-0 element-right-0 element-top-20 element-bottom-100 os-animation\" target=\"_self\"   data-os-animation=\"fadeIn\" data-os-animation-delay=\"0.4s\">\n\t    Conoce nuestras promociones     <\/a><div class=\"divider-wrapper \" style=\"visibility:hidden;background-color:#FFFFF\">\n    <div class=\"visible-xs\" style=\"height:40px;\"><\/div>\n    <div class=\"visible-sm\" style=\"height:40px;\"><\/div>\n    <div class=\"visible-md\" style=\"height:40px;\"><\/div>\n    <div class=\"visible-lg\" style=\"height:40px;\"><\/div>\n<\/div><\/div><div class=\"col-md-2     text-default small-screen-default\"  ><\/div><\/div><\/div><div class=\"col-md-6     text-center small-screen-default\"  ><\/div>        <\/div>\n    <\/div>\n<\/section><section class=\"section  text-normal section-text-no-shadow section-inner-no-shadow section-normal section-opaque\" >\n            <div class=\"background-media\" style=\"background-image: url(&#039;https:\/\/lunahuanariverresort.com\/wp-content\/uploads\/2021\/12\/eventos2.jpg&#039;); background-repeat:no-repeat; background-size:cover; background-attachment:fixed; background-position: 50% 0%;\" data-start=\"background-position: 50% 0px\" data-0-top-bottom=\"background-position: 50% -80px\">\n                    <\/div>\n    \n    <div class=\"background-overlay grid-overlay-0 \" style=\"background-color: rgba(86,154,167,0);\"><\/div>\n\n    <div class=\"container-fullwidth container-vertical-middle\">\n        <div class=\"row vertical-middle\">\n            <div class=\"col-md-6     text-default small-screen-default\"  ><\/div><div class=\"col-md-6     text-center small-screen-default\"  ><div class=\"row \"><div class=\"col-md-2     text-default small-screen-default\"  ><\/div><div class=\"col-md-8     text-center small-screen-default\"  style=\"background:#ffffff;\"><div class=\"divider-wrapper \" style=\"visibility:hidden;background-color:#FFFFFF\">\n    <div class=\"visible-xs\" style=\"height:24px;\"><\/div>\n    <div class=\"visible-sm\" style=\"height:24px;\"><\/div>\n    <div class=\"visible-md\" style=\"height:24px;\"><\/div>\n    <div class=\"visible-lg\" style=\"height:24px;\"><\/div>\n<\/div><h2 class=\"text-default  element-top-100 element-bottom-0 text-normal os-animation big regular\" data-os-animation=\"fadeIn\" data-os-animation-delay=\"0.1s\" >\n    Eventos<\/h2><div class=\"col-text-1 text-normal  element-top-20 element-bottom-20 os-animation\" data-os-animation=\"fadeIn\" data-os-animation-delay=\"0.3s\">\n    <\/div>\n<a href=\"https:\/\/lunahuanariverresort.com\/?page_id=1097\" class=\"btn btn-primary   text-normal   element-left-0 element-right-0 element-top-20 element-bottom-100 os-animation\" target=\"_self\"   data-os-animation=\"fadeIn\" data-os-animation-delay=\"0.4s\">\n\t    Realiza un evento en nuestras instalaciones     <\/a><div class=\"divider-wrapper \" style=\"visibility:hidden;background-color:#FFFFF\">\n    <div class=\"visible-xs\" style=\"height:40px;\"><\/div>\n    <div class=\"visible-sm\" style=\"height:40px;\"><\/div>\n    <div class=\"visible-md\" style=\"height:40px;\"><\/div>\n    <div class=\"visible-lg\" style=\"height:40px;\"><\/div>\n<\/div><\/div><div class=\"col-md-2     text-default small-screen-default\"  ><\/div><\/div><\/div>        <\/div>\n    <\/div>\n<\/section><section class=\"section  text-normal section-text-no-shadow section-inner-no-shadow section-normal section-opaque\" >\n            <div class=\"background-media\" style=\"background-image: url(&#039;https:\/\/lunahuanariverresort.com\/wp-content\/uploads\/2022\/01\/portada-promociones.jpg&#039;); background-repeat:no-repeat; background-size:cover; background-attachment:fixed; background-position: 50% -49%;\" data-start=\"background-position: 50% -258px\" data-0-top-bottom=\"background-position: 50% -80px\">\n                    <\/div>\n    \n    <div class=\"background-overlay grid-overlay-0 \" style=\"background-color: rgba(86,154,167,0);\"><\/div>\n\n    <div class=\"container-fullwidth container-vertical-middle\">\n        <div class=\"row vertical-middle\">\n            <div class=\"col-md-6     text-default small-screen-default\"  ><div class=\"row \"><div class=\"col-md-2     text-default small-screen-default\"  ><\/div><div class=\"col-md-8     text-center small-screen-default\"  style=\"background:#ffffff;\"><div class=\"divider-wrapper \" style=\"visibility:hidden;background-color:#FFFFF\">\n    <div class=\"visible-xs\" style=\"height:40px;\"><\/div>\n    <div class=\"visible-sm\" style=\"height:40px;\"><\/div>\n    <div class=\"visible-md\" style=\"height:40px;\"><\/div>\n    <div class=\"visible-lg\" style=\"height:40px;\"><\/div>\n<\/div><h2 class=\"text-default  element-top-100 element-bottom-0 text-normal os-animation big regular\" data-os-animation=\"fadeIn\" data-os-animation-delay=\"0.1s\" >\n    Reservas<\/h2><div class=\"col-text-1 text-normal  element-top-20 element-bottom-20 os-animation\" data-os-animation=\"fadeIn\" data-os-animation-delay=\"0.3s\">\n    <p>No te pierdas nuestras promociones.<\/p>\n<\/div>\n<a href=\"https:\/\/lunahuanariverresort.com\/?page_id=895\" class=\"btn btn-primary   text-normal   element-left-0 element-right-0 element-top-20 element-bottom-100 os-animation\" target=\"_self\"   data-os-animation=\"fadeIn\" data-os-animation-delay=\"0.4s\">\n\t    Cotiza con nosotros     <\/a><div class=\"divider-wrapper \" style=\"visibility:hidden;background-color:#FFFFF\">\n    <div class=\"visible-xs\" style=\"height:40px;\"><\/div>\n    <div class=\"visible-sm\" style=\"height:40px;\"><\/div>\n    <div class=\"visible-md\" style=\"height:40px;\"><\/div>\n    <div class=\"visible-lg\" style=\"height:40px;\"><\/div>\n<\/div><\/div><div class=\"col-md-2     text-default small-screen-default\"  ><\/div><\/div><\/div><div class=\"col-md-6     text-center small-screen-default\"  ><\/div>        <\/div>\n    <\/div>\n<\/section><section class=\"section  text-normal section-text-no-shadow section-inner-no-shadow section-normal section-opaque\" >\n            <div class=\"background-media\" style=\"background-image: url(&#039;https:\/\/lunahuanariverresort.com\/wp-content\/uploads\/2017\/11\/Portada-Lobby-Web.jpg&#039;); background-repeat:no-repeat; background-size:cover; background-attachment:fixed; background-position: 50% 0%;\" data-start=\"background-position: 50% 0px\" data-0-top-bottom=\"background-position: 50% -80px\">\n                    <\/div>\n    \n    <div class=\"background-overlay grid-overlay-0 \" style=\"background-color: rgba(0,0,0,0.7);\"><\/div>\n\n    <div class=\"container container-vertical-middle\">\n        <div class=\"row vertical-middle\">\n            <div class=\"col-md-2     text-center small-screen-default\"  ><\/div><div class=\"col-md-8     text-center small-screen-default\"  ><h2 class=\"text-default  element-top-100 element-bottom-0 text-light os-animation big regular\" data-os-animation=\"fadeIn\" data-os-animation-delay=\"0.1s\" >\n    Nuestros Hu\u00e9spedes<\/h2><div id=\"flexslider-256\" class=\" element-top-20 element-bottom-100 text-center text-light os-animation flexslider feature-slider\" data-os-animation=\"fadeIn\" data-os-animation-delay=\"0.3s\" data-flex-animation=\"fade\" data-flex-controls-position=\"outside\" data-flex-controlsalign=\"center\" data-flex-directions=\"hide\" data-flex-speed=\"7000\" data-flex-controls=\"show\" data-flex-slideshow=\"true\">\n    <ul class=\"slides\">        <li>\n            <blockquote >\r\n    <p>El pasado fin de semana ca\u00ed con mi familia en este hotel sin reserva previa, ni aviso. Sin embargo la amabilidad de Marilu en la recepci\u00f3n nos convenci\u00f3 de quedarnos con mi familia y fue la mejor decisi\u00f3n que pudimos haber tomado. El hotel ofrece confianza, personalizaci\u00f3n, seguridad,,, aparte de una piscina limpia con agua temperada, la comida es muy buena y las habitaciones tambi\u00e9n! Lo recomiendo mucho, aparte antes de mi check out, me dieron un gran regalo por mi cumple! Definitivamente voy a regresar con mi familia y con amigos! Mil gracias por darnos un gran fin de semana.!<\/p>\r\n    <footer>Marco Morales Tramontana    <\/footer>\r\n<\/blockquote>\r\n        <\/li>        <li>\n            <blockquote >\r\n    <p>Estuve hospedada por 3 dias\r\nCon mi familia (6pp). Incluyendo una bb. Y fueron muy amables, el hotel muy comodo. Muy limpio el desayuno estaba incluido y fue bueno , no habia servicio de cena por estar el personal de dias libres antes de fin de semans largo, en el pueblo se come muy bien<\/p>\r\n    <footer>Mariella Focacci    <\/footer>\r\n<\/blockquote>\r\n        <\/li>        <li>\n            <blockquote >\r\n    <p>Me gust\u00f3 y sobre todo la buena atenci\u00f3n, de todos modos volver\u00eda pero a quedarme m\u00e1s d\u00edas... Un lugar muy acogedor y las instalaciones buenas, y con una super vista al R\u00edo. \u00c9xitos!!!<\/p>\r\n    <footer>Karem Morales del Pozo    <\/footer>\r\n<\/blockquote>\r\n        <\/li>    <\/ul>\n<\/div><\/div><div class=\"col-md-2     text-default small-screen-default\"  ><\/div>        <\/div>\n    <\/div>\n<\/section>\n","protected":false},"excerpt":{"rendered":"<p>Me gust\u00f3 y sobre todo la buena atenci\u00f3n, de todos modos volver\u00eda pero a quedarme m\u00e1s d\u00edas&#8230; Un lugar muy acogedor y las instalaciones buenas, y con una super vista al R\u00edo. \u00c9xitos!!!<\/p>\n","protected":false},"author":1,"featured_media":0,"parent":0,"menu_order":0,"comment_status":"open","ping_status":"open","template":"","meta":{"_joinchat":[],"footnotes":""},"class_list":["post-127","page","type-page","status-publish","hentry"],"_links":{"self":[{"href":"https:\/\/lunahuanariverresort.com\/wp-json\/wp\/v2\/pages\/127","targetHints":{"allow":["GET"]}}],"collection":[{"href":"https:\/\/lunahuanariverresort.com\/wp-json\/wp\/v2\/pages"}],"about":[{"href":"https:\/\/lunahuanariverresort.com\/wp-json\/wp\/v2\/types\/page"}],"author":[{"embeddable":true,"href":"https:\/\/lunahuanariverresort.com\/wp-json\/wp\/v2\/users\/1"}],"replies":[{"embeddable":true,"href":"https:\/\/lunahuanariverresort.com\/wp-json\/wp\/v2\/comments?post=127"}],"version-history":[{"count":71,"href":"https:\/\/lunahuanariverresort.com\/wp-json\/wp\/v2\/pages\/127\/revisions"}],"predecessor-version":[{"id":1215,"href":"https:\/\/lunahuanariverresort.com\/wp-json\/wp\/v2\/pages\/127\/revisions\/1215"}],"wp:attachment":[{"href":"https:\/\/lunahuanariverresort.com\/wp-json\/wp\/v2\/media?parent=127"}],"curies":[{"name":"wp","href":"https:\/\/api.w.org\/{rel}","templated":true}]}}