{"id":676,"date":"2018-09-14T00:10:50","date_gmt":"2018-09-14T00:10:50","guid":{"rendered":"http:\/\/lunahuanariverresort.com\/?page_id=676"},"modified":"2022-08-04T04:31:04","modified_gmt":"2022-08-04T04:31:04","slug":"estacionamiento","status":"publish","type":"page","link":"https:\/\/lunahuanariverresort.com\/?page_id=676","title":{"rendered":"Estacionamiento"},"content":{"rendered":"<section class=\"section  text-normal section-text-shadow section-inner-shadow section-fullheight section-opaque\" >\n            <div class=\"background-media\" style=\"background-image: url(&#039;https:\/\/lunahuanariverresort.com\/wp-content\/uploads\/2021\/12\/estacionamiento.jpg&#039;); background-repeat:no-repeat; background-size:cover; background-attachment:fixed; background-position: 50% 40%;\" data-start=\"background-position: 50% 0px\" data-0-top-bottom=\"background-position: 50% -120px\">\n                    <\/div>\n    \n    <div class=\"background-overlay grid-overlay-0 \" style=\"background-color: rgba(0,0,0,0.3);\"><\/div>\n\n    <div class=\"container container-vertical-top\">\n        <div class=\"row vertical-top\">\n            <div class=\"col-md-12     text-center small-screen-default\"  ><div class=\"divider-wrapper \" style=\"visibility:hidden;background-color:#FFFFF\">\n    <div class=\"visible-xs\" style=\"height:50px;\"><\/div>\n    <div class=\"visible-sm\" style=\"height:100px;\"><\/div>\n    <div class=\"visible-md\" style=\"height:200px;\"><\/div>\n    <div class=\"visible-lg\" style=\"height:200px;\"><\/div>\n<\/div><h1 class=\"text-center  element-top-0 element-bottom-20 text-light os-animation hyper regular\" data-os-animation=\"pulse\" data-os-animation-delay=\"0.1s\" >\n    Estacionamiento<\/h1><div class=\"divider-wrapper \" style=\"visibility:hidden;background-color:#FFFFF\">\n    <div class=\"visible-xs\" style=\"height:50px;\"><\/div>\n    <div class=\"visible-sm\" style=\"height:100px;\"><\/div>\n    <div class=\"visible-md\" style=\"height:200px;\"><\/div>\n    <div class=\"visible-lg\" style=\"height:200px;\"><\/div>\n<\/div><\/div>        <\/div>\n    <\/div>\n<\/section><section class=\"section  text-normal section-text-no-shadow section-inner-no-shadow section-normal section-opaque\" >\n    \n    <div class=\"background-overlay grid-overlay-0 \" style=\"background-color: rgba(0,0,0,0);\"><\/div>\n\n    <div class=\"container-fullwidth container-vertical-default\">\n        <div class=\"row vertical-default\">\n            <div class=\"col-md-12     text-default small-screen-default\"  ><div class=\"divider-wrapper \" style=\"visibility:visible;background-color:#d71030\">\n    <div class=\"visible-xs\" style=\"height:10px;\"><\/div>\n    <div class=\"visible-sm\" style=\"height:10px;\"><\/div>\n    <div class=\"visible-md\" style=\"height:12px;\"><\/div>\n    <div class=\"visible-lg\" style=\"height:12px;\"><\/div>\n<\/div><\/div>        <\/div>\n    <\/div>\n<\/section><section class=\"section  text-normal section-text-no-shadow section-inner-no-shadow section-normal section-opaque\" >\n    \n    <div class=\"background-overlay grid-overlay-0 \" style=\"background-color: rgba(0,0,0,0);\"><\/div>\n\n    <div class=\"container container-vertical-default\">\n        <div class=\"row vertical-default\">\n            <div class=\"col-md-3     text-default small-screen-default os-animation\" data-os-animation=\"fadeInLeft\" data-os-animation-delay=\"0.2s\" ><h2 class=\"text-left  element-top-60 element-bottom-10 text-normal os-animation normal regular\" data-os-animation=\"fadeIn\" data-os-animation-delay=\"0.1s\" >\n    Comodidades<\/h2><div class=\"col-text-1 text-normal  element-top-0 element-bottom-0 os-animation\" data-os-animation=\"fadeIn\" data-os-animation-delay=\"0.3s\">\n    <p style=\"text-align: left;\">El Hotel\u00a0<strong>Lunahuana River Resort<\/strong>\u00a0brinda un estacionamiento privado para todos sus hu\u00e9spedes, donde podr\u00e1n estacionar sus veh\u00edculos con total seguridad y comodidad.<\/p>\n<\/div>\n <ul class=\"skills-list normal  element-top-20 element-bottom-20 text-normal os-animation\" data-os-animation=\"fadeIn\" data-os-animation-delay=\"0.4s\">\n\t\t<li>\n            Amplio estacionaminto\t\t<\/li>\t\t<li>\n             Cercado\t\t<\/li>\t\t<li>\n             24 horas\t\t<\/li><\/ul><\/div><div class=\"col-md-9     text-default small-screen-default os-animation\" data-os-animation=\"fadeInRight\" data-os-animation-delay=\"0.2s\" ><div class=\"carousel slide  element-top-20 element-bottom-20\" id=\"carousel31\" data-ride=\"carousel\" data-os-animation=\"none\" data-os-animation-delay=\"0s\">\n    <ol class=\"carousel-indicators\">    <!-- Controls -->\n    \t        <li data-target=\"#carousel31\" data-slide-to=\"0\"class=\"active\"><\/li>\t        <li data-target=\"#carousel31\" data-slide-to=\"1\"><\/li>\t        <li data-target=\"#carousel31\" data-slide-to=\"2\"><\/li>    <\/ol>    <div class=\"carousel-inner\">        <div class=\"item active\">            <a href=\"https:\/\/lunahuanariverresort.com\/?post_type=oxy_slideshow_image&#038;p=682\" target=\"https:\/\/lunahuanariverresort.com\/?post_type=oxy_slideshow_image&#038;p=682\"><img loading=\"lazy\" decoding=\"async\" width=\"5184\" height=\"3024\" src=\"https:\/\/lunahuanariverresort.com\/wp-content\/uploads\/2018\/09\/3-2.jpg\" class=\"attachment-post-thumbnail size-post-thumbnail wp-post-image\" alt=\"\" srcset=\"https:\/\/lunahuanariverresort.com\/wp-content\/uploads\/2018\/09\/3-2.jpg 5184w, https:\/\/lunahuanariverresort.com\/wp-content\/uploads\/2018\/09\/3-2-768x448.jpg 768w\" sizes=\"auto, (max-width: 5184px) 100vw, 5184px\" \/>            <\/a>\n                <\/div>        <div class=\"item \">            <a href=\"https:\/\/lunahuanariverresort.com\/?post_type=oxy_slideshow_image&#038;p=681\" target=\"https:\/\/lunahuanariverresort.com\/?post_type=oxy_slideshow_image&#038;p=681\"><img loading=\"lazy\" decoding=\"async\" width=\"1000\" height=\"596\" src=\"https:\/\/lunahuanariverresort.com\/wp-content\/uploads\/2018\/09\/2-5.png\" class=\"attachment-post-thumbnail size-post-thumbnail wp-post-image\" alt=\"\" srcset=\"https:\/\/lunahuanariverresort.com\/wp-content\/uploads\/2018\/09\/2-5.png 1000w, https:\/\/lunahuanariverresort.com\/wp-content\/uploads\/2018\/09\/2-5-768x458.png 768w\" sizes=\"auto, (max-width: 1000px) 100vw, 1000px\" \/>            <\/a>\n                <\/div>        <div class=\"item \">            <a href=\"https:\/\/lunahuanariverresort.com\/?post_type=oxy_slideshow_image&#038;p=680\" target=\"https:\/\/lunahuanariverresort.com\/?post_type=oxy_slideshow_image&#038;p=680\"><img loading=\"lazy\" decoding=\"async\" width=\"1000\" height=\"596\" src=\"https:\/\/lunahuanariverresort.com\/wp-content\/uploads\/2018\/09\/1-5.png\" class=\"attachment-post-thumbnail size-post-thumbnail wp-post-image\" alt=\"\" srcset=\"https:\/\/lunahuanariverresort.com\/wp-content\/uploads\/2018\/09\/1-5.png 1000w, https:\/\/lunahuanariverresort.com\/wp-content\/uploads\/2018\/09\/1-5-768x458.png 768w\" sizes=\"auto, (max-width: 1000px) 100vw, 1000px\" \/>            <\/a>\n                <\/div>    <\/div>\n    <!-- Navigation Arrows -->\n        \t<a class=\"left carousel-control\" href=\"#carousel31\" data-slide=\"prev\">\n    \t<span class=\"fa fa-chevron-left\"><\/span>\n    \t<\/a>\n\t    <a class=\"right carousel-control\" href=\"#carousel31\" data-slide=\"next\">\n\t    \t<span class=\"fa fa-chevron-right\"><\/span>\n\t  \t<\/a><\/div>\n<\/div>        <\/div>\n    <\/div>\n<\/section>\n","protected":false},"excerpt":{"rendered":"","protected":false},"author":1,"featured_media":0,"parent":228,"menu_order":8,"comment_status":"closed","ping_status":"closed","template":"","meta":{"_joinchat":[],"footnotes":""},"class_list":["post-676","page","type-page","status-publish","hentry"],"_links":{"self":[{"href":"https:\/\/lunahuanariverresort.com\/index.php?rest_route=\/wp\/v2\/pages\/676","targetHints":{"allow":["GET"]}}],"collection":[{"href":"https:\/\/lunahuanariverresort.com\/index.php?rest_route=\/wp\/v2\/pages"}],"about":[{"href":"https:\/\/lunahuanariverresort.com\/index.php?rest_route=\/wp\/v2\/types\/page"}],"author":[{"embeddable":true,"href":"https:\/\/lunahuanariverresort.com\/index.php?rest_route=\/wp\/v2\/users\/1"}],"replies":[{"embeddable":true,"href":"https:\/\/lunahuanariverresort.com\/index.php?rest_route=%2Fwp%2Fv2%2Fcomments&post=676"}],"version-history":[{"count":8,"href":"https:\/\/lunahuanariverresort.com\/index.php?rest_route=\/wp\/v2\/pages\/676\/revisions"}],"predecessor-version":[{"id":1173,"href":"https:\/\/lunahuanariverresort.com\/index.php?rest_route=\/wp\/v2\/pages\/676\/revisions\/1173"}],"up":[{"embeddable":true,"href":"https:\/\/lunahuanariverresort.com\/index.php?rest_route=\/wp\/v2\/pages\/228"}],"wp:attachment":[{"href":"https:\/\/lunahuanariverresort.com\/index.php?rest_route=%2Fwp%2Fv2%2Fmedia&parent=676"}],"curies":[{"name":"wp","href":"https:\/\/api.w.org\/{rel}","templated":true}]}}